{"id":60,"date":"2017-04-06T15:40:50","date_gmt":"2017-04-06T15:40:50","guid":{"rendered":"https:\/\/editorialalmizate.com\/?page_id=60"},"modified":"2019-01-12T11:37:06","modified_gmt":"2019-01-12T11:37:06","slug":"publicaciones","status":"publish","type":"page","link":"https:\/\/editorialalmizate.com\/index.php\/publicaciones\/","title":{"rendered":"Sobre nosotros"},"content":{"rendered":"<p><img decoding=\"async\" loading=\"lazy\" class=\"wp-image-20 aligncenter\" src=\"https:\/\/editorialalmizate.com\/wp-content\/uploads\/2017\/03\/cropped-Logo-Almizate-color-apaisado-1.jpg\" alt=\"\" width=\"150\" height=\"151\" srcset=\"https:\/\/editorialalmizate.com\/wp-content\/uploads\/2017\/03\/cropped-Logo-Almizate-color-apaisado-1.jpg 663w, https:\/\/editorialalmizate.com\/wp-content\/uploads\/2017\/03\/cropped-Logo-Almizate-color-apaisado-1-150x150.jpg 150w, https:\/\/editorialalmizate.com\/wp-content\/uploads\/2017\/03\/cropped-Logo-Almizate-color-apaisado-1-300x300.jpg 300w, https:\/\/editorialalmizate.com\/wp-content\/uploads\/2017\/03\/cropped-Logo-Almizate-color-apaisado-1-70x70.jpg 70w\" sizes=\"(max-width: 150px) 100vw, 150px\" \/><\/p>\n<p>Editorial Almizate tiene su sede en la ciudad de Alcal\u00e1 la Real (Ja\u00e9n) y comienza su andadura en el mundo editorial con el bagaje de llevar m\u00e1s de 50 a\u00f1os de relaci\u00f3n con la imprenta de la mano de Gr\u00e1ficas Marvel.<\/p>\n<p>Presentamos\u00a0una l\u00ednea editorial centrada en los \u00e1mbitos del arte, la historia y el patrimonio, con unos libros de contenido\u00a0interesante y novedoso. No nos olvidamos tampoco del\u00a0aspecto formal, pues para nosotros el dise\u00f1o editorial es una raz\u00f3n de ser. Queremos que nuestros lectores sepan que tienen un buen libro entre las manos con solo echarle una ojeada.<\/p>\n<p>Editorial Almizate es consciente de las nuevas formas de acceso a la cultura. Estamos convencidos que los libros, en cualquier soporte, pueden aportar una interesante visi\u00f3n del mundo que nos rodea.<\/p>\n","protected":false},"excerpt":{"rendered":"<p>Editorial Almizate tiene su sede en la ciudad de Alcal\u00e1 la Real (Ja\u00e9n) y comienza su andadura en el mundo editorial con el bagaje de llevar m\u00e1s de 50 a\u00f1os de relaci\u00f3n con la imprenta de la mano de Gr\u00e1ficas Marvel. Presentamos\u00a0una l\u00ednea editorial centrada en los \u00e1mbitos del arte, la historia y el patrimonio, &hellip; <\/p>\n<p class=\"link-more\"><a href=\"https:\/\/editorialalmizate.com\/index.php\/publicaciones\/\" class=\"more-link\">Continue reading<span class=\"screen-reader-text\"> &#8220;Sobre nosotros&#8221;<\/span><\/a><\/p>\n","protected":false},"author":1,"featured_media":0,"parent":0,"menu_order":0,"comment_status":"closed","ping_status":"closed","template":"","meta":{"footnotes":""},"_links":{"self":[{"href":"https:\/\/editorialalmizate.com\/index.php\/wp-json\/wp\/v2\/pages\/60"}],"collection":[{"href":"https:\/\/editorialalmizate.com\/index.php\/wp-json\/wp\/v2\/pages"}],"about":[{"href":"https:\/\/editorialalmizate.com\/index.php\/wp-json\/wp\/v2\/types\/page"}],"author":[{"embeddable":true,"href":"https:\/\/editorialalmizate.com\/index.php\/wp-json\/wp\/v2\/users\/1"}],"replies":[{"embeddable":true,"href":"https:\/\/editorialalmizate.com\/index.php\/wp-json\/wp\/v2\/comments?post=60"}],"version-history":[{"count":26,"href":"https:\/\/editorialalmizate.com\/index.php\/wp-json\/wp\/v2\/pages\/60\/revisions"}],"predecessor-version":[{"id":161,"href":"https:\/\/editorialalmizate.com\/index.php\/wp-json\/wp\/v2\/pages\/60\/revisions\/161"}],"wp:attachment":[{"href":"https:\/\/editorialalmizate.com\/index.php\/wp-json\/wp\/v2\/media?parent=60"}],"curies":[{"name":"wp","href":"https:\/\/api.w.org\/{rel}","templated":true}]}}