{"id":2,"date":"2017-03-20T17:20:36","date_gmt":"2017-03-20T17:20:36","guid":{"rendered":"https:\/\/editorialalmizate.com\/?page_id=2"},"modified":"2021-12-17T16:39:13","modified_gmt":"2021-12-17T16:39:13","slug":"pagina-ejemplo","status":"publish","type":"page","link":"https:\/\/editorialalmizate.com\/","title":{"rendered":"Inicio"},"content":{"rendered":"<h2><span style=\"color: #ff0000;\"><strong><span style=\"vertical-align: inherit;\"><img decoding=\"async\" loading=\"lazy\" class=\" wp-image-119 alignleft\" src=\"https:\/\/editorialalmizate.com\/wp-content\/uploads\/2017\/04\/libros-3.jpg\" alt=\"\" width=\"597\" height=\"432\" srcset=\"https:\/\/editorialalmizate.com\/wp-content\/uploads\/2017\/04\/libros-3.jpg 4032w, https:\/\/editorialalmizate.com\/wp-content\/uploads\/2017\/04\/libros-3-300x217.jpg 300w, https:\/\/editorialalmizate.com\/wp-content\/uploads\/2017\/04\/libros-3-768x556.jpg 768w, https:\/\/editorialalmizate.com\/wp-content\/uploads\/2017\/04\/libros-3-1024x741.jpg 1024w\" sizes=\"(max-width: 597px) 100vw, 597px\" \/><\/span><\/strong><\/span><\/h2>\n<h4><span style=\"color: #666699;\"><strong><em><span style=\"vertical-align: inherit;\">Ediciones en castellano, ingl\u00e9s y franc\u00e9s.<\/span><\/em><\/strong><\/span><\/h4>\n<hr \/>\n<p><strong><em><span style=\"vertical-align: inherit;\">\u00a0<img decoding=\"async\" loading=\"lazy\" class=\"wp-image-124 size-full alignleft\" src=\"https:\/\/editorialalmizate.com\/wp-content\/uploads\/2017\/04\/bandera-espancc83a-2-copia-e1545914435590.png\" alt=\"\" width=\"40\" height=\"40\" \/>LA ALHAMBRA CON REGLA Y COMP\u00c1S.\u00a0<\/span><br \/>\n<\/em><\/strong><strong><em><span style=\"vertical-align: inherit;\">\u00a0El trazado paso a paso de alicatados y yeser\u00edas<br \/>\n<\/span><\/em><\/strong><span style=\"color: #808080;\">ISBN 978-84-120668-2-1\u00a0 (4\u00aa edici\u00f3n)<\/span><\/p>\n<hr \/>\n<p><strong><em><span style=\"vertical-align: inherit;\"><img decoding=\"async\" loading=\"lazy\" class=\"size-full wp-image-123 alignleft\" src=\"https:\/\/editorialalmizate.com\/wp-content\/uploads\/2017\/04\/united-kingdom1copia-e1545914460632.png\" alt=\"\" width=\"40\" height=\"40\" \/>THE\u00a0ALHAMBRA WITH A RULER AND COMPASS.\u00a0<\/span><br \/>\n<\/em><\/strong><strong><em><span style=\"vertical-align: inherit;\">A Step-by-Step Outlining of Tiling and Plasterwork<br \/>\n<\/span><\/em><\/strong><span style=\"color: #808080;\">ISBN 978-84-120668-3-8\u00a0 (3rd edition)<\/span><\/p>\n<hr \/>\n<p><strong><em><span style=\"vertical-align: inherit;\">L&#8217;ALHAMBRA AVEC UNE R\u00c8GLE ET UN COMPAS.\u00a0<\/span><\/em><\/strong><strong><em><span style=\"vertical-align: inherit;\"><img decoding=\"async\" loading=\"lazy\" class=\"size-full wp-image-125 alignleft\" src=\"https:\/\/editorialalmizate.com\/wp-content\/uploads\/2017\/04\/france-copia-e1545914473891.png\" alt=\"\" width=\"40\" height=\"40\" \/><\/span>\u00a0<\/em><\/strong><strong><em><span style=\"vertical-align: inherit;\"><br \/>\nDessiner \u00e9tape par \u00e9tape les mosa\u00efques et les stucs<br \/>\n<\/span><\/em><\/strong><span style=\"color: #808080;\">ISBN 978-84-946643-6-6\u00a0 (1\u00e8re \u00e9dition)<\/span><\/p>\n<hr \/>\n<p>La Alhambra ha sido desde siempre un espacio complejo que propicia la multiplicidad de miradas a las distintas estancias que lo conforman, tanto del experto como del visitante ocasional. La significaci\u00f3n cultural, est\u00e9tica y funcional del conjunto arquitect\u00f3nico no deja indiferente a nadie, y los estudios sobre ellos son abundantes y variados.<\/p>\n<p>Sin embargo, faltaba un aspecto en el que profundizar: la forma en que fueron trazados y dibujados algunos de los elementos que decoran sus estancias y que en muchos casos son una herramienta fundamental para conocer la complejidad geom\u00e9trica de los alicatados y yeser\u00edas de la Alhambra.<\/p>\n<p>Desde su vertiente divulgativa este libro ayudar\u00e1 a comprender mejor el trabajo del artesano y su relaci\u00f3n con el dise\u00f1ador de los distintas composiciones que, con el paso del tiempo, llegaron a alcanzar un grado de complejidad y diversidad admirable. Asimismo, desde su aspecto pedag\u00f3gico, se convertir\u00e1 en una \u00fatil herramienta para ense\u00f1ar a los alumnos de los centros educativos el complejo proceso de dibujo con herramientas tan simples como la regla y el comp\u00e1s.<\/p>\n<p>Este libro est\u00e1 concebido como un manual \u201cpaso a paso\u201d y a su vez como una gu\u00eda alternativa pues sus contenidos est\u00e1n ordenados en una secuencia que coincide con el recorrido normal de la visita.<\/p>\n<p>Con cerca de 700 ilustraciones, entre dibujos, fotograf\u00edas y planos, La Alhambra con regla y comp\u00e1s es el resultado de una investigaci\u00f3n de varios a\u00f1os que ahora ve la luz en esta obra fundamentalmente did\u00e1ctica y visual.<\/p>\n<h5><span style=\"vertical-align: inherit;\">EL AUTOR<\/span><\/h5>\n<p>Manuel Mart\u00ednez Vela es, adem\u00e1s de artista con un dilatado curr\u00edculum, Catedr\u00e1tico de Dibujo y Doctor en Bellas Artes por Universidad de Granada. Su pasi\u00f3n por la Alhambra y en general por el arte isl\u00e1mico, que le ha llevado a viajar por los pa\u00edses donde se encuentran los monumentos m\u00e1s representativos de esta cultura, y su dilatada experiencia docente de m\u00e1s de 35 a\u00f1os justifican los contenidos y el car\u00e1cter did\u00e1ctico de esta obra.<\/p>\n<p>Es autor de otros libros sobre arte gr\u00e1fico, tema en el que tambi\u00e9n se ha especializado, como\u00a0<em>Granada a la Plancha. Una aproximaci\u00f3n al arte gr\u00e1fico a trav\u00e9s de estampas de tema\u00a0<\/em>granadino ( IES P. Manj\u00f3n, 2011) y\u00a0<em>La serigraf\u00eda: de la pantalla de seda a la estampa\u00a0<\/em>(Entorno Gr\u00e1fico \u2013 Point de lunettes, 2013)<\/p>\n<h5>D\u00d3NDE COMPRAR \/ WHERE TO BUY \/ O\u00d9 ACHETER<\/h5>\n<p><span style=\"color: #ff0000;\"><a style=\"color: #ff0000;\" href=\"https:\/\/www.alhambratienda.es\/es\/libro\/la-alhambra-con-regla-y-compas-2-edicion_1229356\" target=\"_blank\" rel=\"noopener noreferrer\">Tienda Librer\u00eda de la Alhambra<br \/>\n<\/a><\/span><span style=\"color: #ff0000;\"><a style=\"color: #ff0000;\" href=\"http:\/\/www.librerias-picasso.com\/libro\/alhambra-con-regla-y-compas-la_697794\" target=\"_blank\" rel=\"noopener noreferrer\">Picasso<\/a><\/span><br \/>\n<span style=\"color: #ff0000;\"><a style=\"color: #ff0000;\" href=\"https:\/\/www.babellibros.com\/libro\/la-alhambra-con-regla-y-compas_141973\" target=\"_blank\" rel=\"noopener noreferrer\">Babel<\/a><\/span><br \/>\n<a style=\"color: #ff0000;\" href=\"https:\/\/www.agapea.com\/Manuel-Martinez-Vela\/La-Alhambra-con-regla-y-compas-9788494664373-i.htm\" target=\"_blank\" rel=\"noopener noreferrer\">Agapea<br \/>\n<\/a><span style=\"color: #ff0000;\"><a style=\"color: #ff0000;\" href=\"https:\/\/www.troa.es\/libro\/la-alhambra-con-regla-y-compas_947804\" target=\"_blank\" rel=\"noopener noreferrer\">Troa Dauro<\/a><\/span><br \/>\n<span style=\"color: #ff0000;\"><a style=\"color: #ff0000;\" href=\"https:\/\/www.libreriaimagina.com\/libro\/la-alhambra-con-regla-y-compas_257533\" target=\"_blank\" rel=\"noopener noreferrer\">Imagina<\/a>\u00a0<a style=\"color: #ff0000;\" href=\"https:\/\/www.agapea.com\/Manuel-Martinez-Vela\/La-Alhambra-con-regla-y-compas-9788494664373-i.htm\" target=\"_blank\" rel=\"noopener noreferrer\"><br \/>\n<\/a><a style=\"color: #ff0000;\" href=\"https:\/\/www.libreriapraga.com\/index.php?sec=1&amp;men=133&amp;idioma=1\" target=\"_blank\" rel=\"noopener noreferrer\">Praga<br \/>\n<\/a><\/span><span style=\"font-size: 1rem;\">y en librer\u00edas locales y nacionales<\/span><\/p>\n<p><strong>PVP 33,00\u20ac<\/strong><\/p>\n<h5><a href=\"https:\/\/editorialalmizate.com\/wp-content\/uploads\/2017\/04\/ECHA-UN-VISTAZO-LACRYC.pdf\">ECHA UN VISTAZO<\/a>\u00a0(PDF)<\/h5>\n<h5><a href=\"https:\/\/editorialalmizate.com\/wp-content\/uploads\/2017\/04\/Ma\u0301s-informacio\u0301n-LACRYC.pdf\">M\u00c1S INFORMACI\u00d3N<\/a>\u00a0(PDF)<\/h5>\n<hr \/>\n<p><img decoding=\"async\" loading=\"lazy\" class=\"alignnone wp-image-99 size-large\" src=\"https:\/\/editorialalmizate.com\/wp-content\/uploads\/2017\/04\/libros-dibujar-la-alhambra-1024x768.jpg\" alt=\"\" width=\"525\" height=\"394\" srcset=\"https:\/\/editorialalmizate.com\/wp-content\/uploads\/2017\/04\/libros-dibujar-la-alhambra-1024x768.jpg 1024w, https:\/\/editorialalmizate.com\/wp-content\/uploads\/2017\/04\/libros-dibujar-la-alhambra-300x225.jpg 300w, https:\/\/editorialalmizate.com\/wp-content\/uploads\/2017\/04\/libros-dibujar-la-alhambra-768x576.jpg 768w\" sizes=\"(max-width: 525px) 100vw, 525px\" \/><\/p>\n<h4><span style=\"color: #666699;\"><strong><em><span style=\"vertical-align: inherit;\">Ediciones en castellano e ingl\u00e9s.\u00a0<\/span><\/em><\/strong><\/span><\/h4>\n<hr \/>\n<p><strong><em><span style=\"vertical-align: inherit;\">24 Patrones para DIBUJAR LA ALHAMBRA<\/span><\/em><\/strong><strong><em><span style=\"vertical-align: inherit;\">\u00a0<img decoding=\"async\" loading=\"lazy\" class=\"wp-image-124 size-full alignleft\" src=\"https:\/\/editorialalmizate.com\/wp-content\/uploads\/2017\/04\/bandera-espancc83a-2-copia-e1545914435590.png\" alt=\"\" width=\"40\" height=\"40\" \/><\/span><\/em><\/strong><span style=\"color: #808080;\"><br \/>\nISBN 978-84-946643-1-1<\/span><\/p>\n<hr \/>\n<p><strong><em><span style=\"vertical-align: inherit;\"><img decoding=\"async\" loading=\"lazy\" class=\"size-full wp-image-123 alignleft\" src=\"https:\/\/editorialalmizate.com\/wp-content\/uploads\/2017\/04\/united-kingdom1copia-e1545914460632.png\" alt=\"\" width=\"40\" height=\"40\" \/><\/span><\/em><\/strong><strong><em><span style=\"vertical-align: inherit;\">24 Patterns for DRAWING THE ALHAMBRA<br \/>\n<\/span><\/em><\/strong><span style=\"color: #808080;\">ISBN 978-84-946643-2-8<\/span><\/p>\n<hr \/>\n<p><span style=\"vertical-align: inherit;\">Una nueva obra en la que su autor, Manuel Mart\u00ednez Vela, le propone todo un reto y una<\/span><span class=\"text_exposed_show\"><span style=\"vertical-align: inherit;\">\u00a0atractiva forma de descubrir la fascinante geometr\u00eda que se esconde tras los mosaicos y las yeser\u00edas de la Alhambra.<\/span><\/span><\/p>\n<p><span class=\"text_exposed_show\"><span style=\"vertical-align: inherit;\">En las p\u00e1ginas del libro, el lector encontrar\u00e1 una selecci\u00f3n de veinticuatro patrones con los que se pueden dibujar algunos de los dise\u00f1os m\u00e1s representativos de entre todos los que decoran los palacios nazar\u00edes, descubriendo el modo en que los tracistas medievales los dise\u00f1aron hace hace m\u00e1s de 500 a\u00f1os.\u00a0El lector se convierte as\u00ed en protagonista,\u00a0pues\u00a0su intervenci\u00f3n\u00a0es fundamental\u00a0para completar, con su trabajo y\u00a0de un modo ameno, las 24 l\u00e1minas de que consta la segunda parte del libro.\u00a0<\/span><\/span><\/p>\n<div class=\"text_exposed_show\">\n<h5>D\u00d3NDE COMPRAR \/ WHERE TO BUY \/ O\u00d9 ACHETER<\/h5>\n<p><span style=\"color: #ff0000;\"><a style=\"color: #ff0000;\" href=\"https:\/\/www.alhambratienda.es\/es\/libro\/24-patrones-para-dibujar-la-alhambra_1212954\" target=\"_blank\" rel=\"noopener noreferrer\">Tienda Librer\u00eda de la Alhambra<br \/>\n<\/a><\/span><span style=\"color: #ff0000;\"><a style=\"color: #ff0000;\" href=\"https:\/\/www.librerias-picasso.com\/libro\/24-patrones-para-dibujar-la-alhambra_707638\" target=\"_blank\" rel=\"noopener noreferrer\">Picasso<\/a><\/span><br \/>\n<span style=\"color: #ff0000;\"><a style=\"color: #ff0000;\" href=\"https:\/\/www.babellibros.com\/libro\/24-patrones-para-dibujar-la-alhambra_141971\" target=\"_blank\" rel=\"noopener noreferrer\">Babel<\/a><\/span><br \/>\n<a style=\"color: #ff0000;\" href=\"https:\/\/www.agapea.com\/Manuel-Martinez-Vela\/24-patrones-para-dibujar-La-Alhambra-9788494664311-i.htm\" target=\"_blank\" rel=\"noopener noreferrer\">Agapea<br \/>\n<\/a><span style=\"color: #ff0000;\"><a style=\"color: #ff0000;\" href=\"https:\/\/www.troa.es\/libro\/24-patrones-para-dibujar-la-alhambra_937087\" target=\"_blank\" rel=\"noopener noreferrer\">Troa Dauro<\/a><\/span><br \/>\n<span style=\"color: #ff0000;\"><a style=\"color: #ff0000;\" href=\"https:\/\/www.libreriaimagina.com\/libro\/24-patrones-para-dibujar-la-alhambra_254837\" target=\"_blank\" rel=\"noopener noreferrer\">Imagina<\/a><\/span><span style=\"color: #ff0000;\"><a style=\"color: #ff0000;\" href=\"https:\/\/www.agapea.com\/Manuel-Martinez-Vela\/La-Alhambra-con-regla-y-compas-9788494664373-i.htm\" target=\"_blank\" rel=\"noopener noreferrer\"><br \/>\n<\/a><a style=\"color: #ff0000;\" href=\"https:\/\/www.libreriapraga.com\/index.php?sec=1&amp;men=133&amp;idioma=1\" target=\"_blank\" rel=\"noopener noreferrer\">Praga<\/a><a style=\"color: #ff0000;\" href=\"https:\/\/www.troa.es\/libro\/la-alhambra-con-regla-y-compas_947804\" target=\"_blank\" rel=\"noopener noreferrer\"><br \/>\n<\/a><\/span><span style=\"font-size: 1rem;\">y en librer\u00edas locales y nacionales<\/span><\/p>\n<p><strong><span style=\"vertical-align: inherit;\">PVP 25,00 \u20ac<\/span><\/strong><\/p>\n<p><img decoding=\"async\" loading=\"lazy\" class=\"alignnone size-full wp-image-103\" src=\"https:\/\/editorialalmizate.com\/wp-content\/uploads\/2017\/04\/libros-dibujar-la-alhambra-2.jpg\" alt=\"\" width=\"2016\" height=\"1512\" srcset=\"https:\/\/editorialalmizate.com\/wp-content\/uploads\/2017\/04\/libros-dibujar-la-alhambra-2.jpg 2016w, https:\/\/editorialalmizate.com\/wp-content\/uploads\/2017\/04\/libros-dibujar-la-alhambra-2-300x225.jpg 300w, https:\/\/editorialalmizate.com\/wp-content\/uploads\/2017\/04\/libros-dibujar-la-alhambra-2-768x576.jpg 768w, https:\/\/editorialalmizate.com\/wp-content\/uploads\/2017\/04\/libros-dibujar-la-alhambra-2-1024x768.jpg 1024w\" sizes=\"(max-width: 706px) 89vw, (max-width: 767px) 82vw, 740px\" \/><\/p>\n<\/div>\n<p>&nbsp;<\/p>\n","protected":false},"excerpt":{"rendered":"<p>Ediciones en castellano, ingl\u00e9s y franc\u00e9s. \u00a0LA ALHAMBRA CON REGLA Y COMP\u00c1S.\u00a0 \u00a0El trazado paso a paso de alicatados y yeser\u00edas ISBN 978-84-120668-2-1\u00a0 (4\u00aa edici\u00f3n) THE\u00a0ALHAMBRA WITH A RULER AND COMPASS.\u00a0 A Step-by-Step Outlining of Tiling and Plasterwork ISBN 978-84-120668-3-8\u00a0 (3rd edition) L&#8217;ALHAMBRA AVEC UNE R\u00c8GLE ET UN COMPAS.\u00a0\u00a0 Dessiner \u00e9tape par \u00e9tape les mosa\u00efques &hellip; <\/p>\n<p class=\"link-more\"><a href=\"https:\/\/editorialalmizate.com\/\" class=\"more-link\">Continue reading<span class=\"screen-reader-text\"> &#8220;Inicio&#8221;<\/span><\/a><\/p>\n","protected":false},"author":1,"featured_media":0,"parent":0,"menu_order":0,"comment_status":"closed","ping_status":"open","template":"","meta":{"footnotes":""},"_links":{"self":[{"href":"https:\/\/editorialalmizate.com\/index.php\/wp-json\/wp\/v2\/pages\/2"}],"collection":[{"href":"https:\/\/editorialalmizate.com\/index.php\/wp-json\/wp\/v2\/pages"}],"about":[{"href":"https:\/\/editorialalmizate.com\/index.php\/wp-json\/wp\/v2\/types\/page"}],"author":[{"embeddable":true,"href":"https:\/\/editorialalmizate.com\/index.php\/wp-json\/wp\/v2\/users\/1"}],"replies":[{"embeddable":true,"href":"https:\/\/editorialalmizate.com\/index.php\/wp-json\/wp\/v2\/comments?post=2"}],"version-history":[{"count":15,"href":"https:\/\/editorialalmizate.com\/index.php\/wp-json\/wp\/v2\/pages\/2\/revisions"}],"predecessor-version":[{"id":189,"href":"https:\/\/editorialalmizate.com\/index.php\/wp-json\/wp\/v2\/pages\/2\/revisions\/189"}],"wp:attachment":[{"href":"https:\/\/editorialalmizate.com\/index.php\/wp-json\/wp\/v2\/media?parent=2"}],"curies":[{"name":"wp","href":"https:\/\/api.w.org\/{rel}","templated":true}]}}