{"id":152,"date":"2019-01-11T19:33:20","date_gmt":"2019-01-11T19:33:20","guid":{"rendered":"https:\/\/editorialalmizate.com\/?page_id=152"},"modified":"2019-09-23T20:44:49","modified_gmt":"2019-09-23T20:44:49","slug":"novedades","status":"publish","type":"page","link":"https:\/\/editorialalmizate.com\/index.php\/novedades\/","title":{"rendered":"Novedades"},"content":{"rendered":"<p><img decoding=\"async\" loading=\"lazy\" class=\"wp-image-177 alignleft\" src=\"https:\/\/editorialalmizate.com\/wp-content\/uploads\/2019\/09\/alcazar-esp-ing.jpg\" alt=\"\" width=\"561\" height=\"388\" srcset=\"https:\/\/editorialalmizate.com\/wp-content\/uploads\/2019\/09\/alcazar-esp-ing.jpg 3838w, https:\/\/editorialalmizate.com\/wp-content\/uploads\/2019\/09\/alcazar-esp-ing-300x208.jpg 300w, https:\/\/editorialalmizate.com\/wp-content\/uploads\/2019\/09\/alcazar-esp-ing-768x531.jpg 768w, https:\/\/editorialalmizate.com\/wp-content\/uploads\/2019\/09\/alcazar-esp-ing-1024x708.jpg 1024w\" sizes=\"(max-width: 561px) 100vw, 561px\" \/><\/p>\n<p>&nbsp;<\/p>\n<p>&nbsp;<\/p>\n<p>&nbsp;<\/p>\n<p>&nbsp;<\/p>\n<p>&nbsp;<\/p>\n<p>&nbsp;<\/p>\n<p>&nbsp;<\/p>\n<p>&nbsp;<\/p>\n<p><strong><em><img decoding=\"async\" loading=\"lazy\" class=\"alignnone wp-image-124\" src=\"https:\/\/editorialalmizate.com\/wp-content\/uploads\/2017\/04\/bandera-espancc83a-2-copia-e1545914435590.png\" alt=\"\" width=\"35\" height=\"35\" \/>\u00a0EL REAL ALC\u00c1ZAR DE SEVILLA CON REGLA Y COMP\u00c1S<\/em><\/strong><\/p>\n<p><img decoding=\"async\" loading=\"lazy\" class=\"alignnone wp-image-123\" src=\"https:\/\/editorialalmizate.com\/wp-content\/uploads\/2017\/04\/united-kingdom1copia-e1545914460632.png\" alt=\"\" width=\"35\" height=\"35\" \/> <strong><em>THE ROYAL ALCAZAR OF SEVILLE WITH A RULER AND COMPASS<\/em><\/strong><\/p>\n<p>Manuel Mart\u00ednez Vela<strong><em>\u00a0<\/em><\/strong><strong><em><br \/>\n<\/em><\/strong>ISBN: 978-84-946643-9-7 (espa\u00f1ol)<strong><em>\u00a0<\/em><\/strong><strong><em><br \/>\n<\/em><\/strong>ISBN: 978-84-120668-0-7 (english)<strong><em>\u00a0<\/em><\/strong><strong><em><br \/>\n<\/em>PVP 28,00 \u20ac<\/strong><\/p>\n<hr \/>\n<p class=\"p1\">Una nueva obra del autor de <em>\u00abLa Alhambra con regla y comp\u00e1s\u00bb<\/em>. Contin\u00faa en este libro el trabajo de investigaci\u00f3n y divulgaci\u00f3n sobre los dise\u00f1os geom\u00e9tricos de tradici\u00f3n isl\u00e1mica, estudiando ahora los excepcionales alicatados del Palacio mud\u00e9jar de Pedro I, en el Real Alc\u00e1zar de Sevilla. Se trata de un libro concebido como un manual \u201cpaso a paso\u201d que ayuda a desvelar la estructura interna que subyace en cada uno de los dise\u00f1os de los alicatados, descubriendo la diversidad de patrones en que se basan sus composiciones. En sus p\u00e1ginas se explica con claridad el proceso para dibujarlos siguiendo unas sencillas instrucciones y con la ayuda exclusiva de una regla y un comp\u00e1s. El lenguaje claro y las cerca de 600 ilustraciones, entre fotograf\u00edas, dibujos y planos, hacen de \u00ab<em><span class=\"s1\">El Real Alc\u00e1zar de Sevilla con regla y comp\u00e1s\u00bb\u00a0<\/span><\/em>una obra fundamentalmente did\u00e1ctica y visual, adecuada para un p\u00fablico muy amplio.<\/p>\n<p class=\"p1\">Se presentan simult\u00e1neamente la edici\u00f3n en castellano y la versi\u00f3n traducida al ingl\u00e9s.<\/p>\n<p>180 p\u00e1ginas, ilustradas a todo color. Encuadernaci\u00f3n tapa blanda con solapas.<\/p>\n<p><img decoding=\"async\" loading=\"lazy\" class=\"alignnone wp-image-176 size-large\" src=\"https:\/\/editorialalmizate.com\/wp-content\/uploads\/2019\/09\/libro-abierto-6-1024x602.jpg\" alt=\"\" width=\"525\" height=\"309\" srcset=\"https:\/\/editorialalmizate.com\/wp-content\/uploads\/2019\/09\/libro-abierto-6-1024x602.jpg 1024w, https:\/\/editorialalmizate.com\/wp-content\/uploads\/2019\/09\/libro-abierto-6-300x176.jpg 300w, https:\/\/editorialalmizate.com\/wp-content\/uploads\/2019\/09\/libro-abierto-6-768x452.jpg 768w\" sizes=\"(max-width: 525px) 100vw, 525px\" \/> <img decoding=\"async\" loading=\"lazy\" class=\"alignnone wp-image-175 size-large\" src=\"https:\/\/editorialalmizate.com\/wp-content\/uploads\/2019\/09\/libro-abierto-5-1024x602.jpg\" alt=\"\" width=\"525\" height=\"309\" \/> <img decoding=\"async\" loading=\"lazy\" class=\"alignnone wp-image-174 size-large\" src=\"https:\/\/editorialalmizate.com\/wp-content\/uploads\/2019\/09\/libro-abierto-4-1024x602.jpg\" alt=\"\" width=\"525\" height=\"309\" srcset=\"https:\/\/editorialalmizate.com\/wp-content\/uploads\/2019\/09\/libro-abierto-4-1024x602.jpg 1024w, https:\/\/editorialalmizate.com\/wp-content\/uploads\/2019\/09\/libro-abierto-4-300x176.jpg 300w, https:\/\/editorialalmizate.com\/wp-content\/uploads\/2019\/09\/libro-abierto-4-768x452.jpg 768w\" sizes=\"(max-width: 525px) 100vw, 525px\" \/> <img decoding=\"async\" loading=\"lazy\" class=\"alignnone wp-image-172 size-large\" src=\"https:\/\/editorialalmizate.com\/wp-content\/uploads\/2019\/09\/libro-abierto-1-1024x602.jpg\" alt=\"\" width=\"525\" height=\"309\" srcset=\"https:\/\/editorialalmizate.com\/wp-content\/uploads\/2019\/09\/libro-abierto-1-1024x602.jpg 1024w, https:\/\/editorialalmizate.com\/wp-content\/uploads\/2019\/09\/libro-abierto-1-300x176.jpg 300w, https:\/\/editorialalmizate.com\/wp-content\/uploads\/2019\/09\/libro-abierto-1-768x452.jpg 768w\" sizes=\"(max-width: 525px) 100vw, 525px\" \/><img decoding=\"async\" loading=\"lazy\" class=\"alignnone wp-image-180 size-large\" src=\"https:\/\/editorialalmizate.com\/wp-content\/uploads\/2019\/09\/libro-abierto-3-1024x602.jpg\" alt=\"\" width=\"525\" height=\"309\" srcset=\"https:\/\/editorialalmizate.com\/wp-content\/uploads\/2019\/09\/libro-abierto-3-1024x602.jpg 1024w, https:\/\/editorialalmizate.com\/wp-content\/uploads\/2019\/09\/libro-abierto-3-300x176.jpg 300w, https:\/\/editorialalmizate.com\/wp-content\/uploads\/2019\/09\/libro-abierto-3-768x452.jpg 768w\" sizes=\"(max-width: 525px) 100vw, 525px\" \/><\/p>\n<hr \/>\n<p><strong>MANUEL MART\u00cdNEZ VELA<\/strong>\u00a0es doctor en Bellas Artes y cuenta con un dilatado curr\u00edculum como artista. Formado en la Universidad de Sevilla ha sido posteriormente catedr\u00e1tico de Dibujo del I.E.S. Padre Manj\u00f3n de Granada y profesor de la Facultad de Bellas Artes de la Universidad de Granada. Su amplia experiencia docente de m\u00e1s de 35 a\u00f1os y su pasi\u00f3n por los dise\u00f1os geom\u00e9tricos y el arte isl\u00e1mico, que le ha llevado a viajar por los pa\u00edses donde se encuentran los monumentos m\u00e1s representativos de esta cultura, justifican los contenidos y el car\u00e1cter did\u00e1ctico de esta obra.<br \/>\nAdem\u00e1s de impartir conferencias en diferentes centros docentes durante los \u00faltimos cursos, ha participado en el Proyecto de Innovaci\u00f3n Educativa \u00abVivir y sentir la Alhambra\u00bb, de la Junta de Andaluc\u00eda.<br \/>\nSobre dise\u00f1os geom\u00e9tricos isl\u00e1micos ha publicado recientemente otras dos obras, que ya han sido traducidas a varios idiomas: \u00ab<em>La Alhambra con regla y comp\u00e1s\u00bb<\/em> (Patronato de la Alhambra y Generalife \/ Almizate, 2017) y <em>\u00ab24 patrones para dibujar la Alhambra\u00bb<\/em> (Almizate, 2017).<\/p>\n<p>&nbsp;<\/p>\n<hr \/>\n<p>&nbsp;<\/p>\n<p><img decoding=\"async\" loading=\"lazy\" class=\"alignnone wp-image-153 size-medium\" src=\"https:\/\/editorialalmizate.com\/wp-content\/uploads\/2019\/01\/Cubierta-212x300.jpg\" alt=\"\" width=\"212\" height=\"300\" srcset=\"https:\/\/editorialalmizate.com\/wp-content\/uploads\/2019\/01\/Cubierta-212x300.jpg 212w, https:\/\/editorialalmizate.com\/wp-content\/uploads\/2019\/01\/Cubierta.jpg 320w\" sizes=\"(max-width: 212px) 100vw, 212px\" \/><\/p>\n<p><strong><em>UN MAESTRO EN LA REP\u00daBLICA<br \/>\n<\/em><\/strong><strong><em>Depuraci\u00f3n y Juicio en Granada (1936-1973)<br \/>\n<\/em><\/strong>Daniel Morales Escobar<strong><em>\u00a0<\/em><\/strong><strong><em><br \/>\n<\/em><\/strong>ISBN 978-84-946643-8-0<br \/>\nPVP 15\u20ac<\/p>\n<hr \/>\n<p>Don Daniel, hu\u00e9rfano de padre y madre a los ocho a\u00f1os, tuvo que hacer frente, desde muy peque\u00f1o, a la dif\u00edcil situaci\u00f3n en la que se encontraba. Lo primero, abandonar Sevilla para trasladarse a El Fargue con una hermana solo unos a\u00f1os mayor y que hab\u00eda encontrado trabajo en la F\u00e1brica de P\u00f3lvoras. \u00c9l mismo empez\u00f3 muy pronto a trabajar, lo que no le impidi\u00f3 seguir su formaci\u00f3n hasta lograr, ya en \u00e9poca de la Rep\u00fablica, el t\u00edtulo de Maestro. Su escuela fue la de Trujillos, pero cuando empez\u00f3 la guerra estaba de vacaciones en El Fargue con su familia: su mujer y un hijo de dos a\u00f1os. All\u00ed empez\u00f3 su pesadilla al ser detenido.<\/p>\n<p>Biograf\u00eda hist\u00f3rica.<br \/>\n160 p\u00e1ginas, ilustradas a todo color. Encuadernaci\u00f3n tapa blanda con solapas. Idioma Castellano.<\/p>\n<hr \/>\n<p><strong>DANIEL MORALES ESCOBAR\u00a0<\/strong>(Granada, 1962)<br \/>\nEs Licenciado en Geograf\u00eda e Historia, en la especialidad de Historia Antigua, por la Universidad de Granada. Profesor de Bachillerato desde 1986 y posteriormente de Ense\u00f1anza Secundaria. Al iniciar su carrera profesional compagin\u00f3 la labor docente con la investigaci\u00f3n de las relaciones entre el primitivo cristianismo y el Imperio Romano, fruto de la cual fueron diversas publicaciones en congresos y revistas de estudios hist\u00f3ricos.<br \/>\nIgualmente, public\u00f3 \u201cActividades de tipo l\u00fadico para una `Unidad Did\u00e1ctica Complementaria\u00b4 en la Historia de 1\u00ba de B.U.P.\u201d, en los XII Coloquios metodol\u00f3gicos, Granada, 1992, tratando de mostrar c\u00f3mo es posible ense\u00f1ar Historia de una manera din\u00e1mica y entretenida.<br \/>\nEn los \u00faltimos a\u00f1os, sin embargo, su inter\u00e9s se ha centrado en la historia de nuestro pa\u00eds en el siglo XX, lo que llev\u00f3 a la publicaci\u00f3n de una peque\u00f1a obra titulada <em>Otra visi\u00f3n de la Historia. Espa\u00f1a en el humor gr\u00e1fico y en las ilustraciones de la prensa internacional del siglo XX<\/em>, Granada, 2015.<br \/>\nHa desempe\u00f1ado distintos cargos directivos docentes en el IES Mediterr\u00e1neo de Salobre\u00f1a (Granada), entre ellos, director entre 2006 y 2011 y, desde este \u00faltimo a\u00f1o, es profesor en el IES Padre Manj\u00f3n de Granada.<\/p>\n<p>&nbsp;<\/p>\n","protected":false},"excerpt":{"rendered":"<p>&nbsp; &nbsp; &nbsp; &nbsp; &nbsp; &nbsp; &nbsp; &nbsp; \u00a0EL REAL ALC\u00c1ZAR DE SEVILLA CON REGLA Y COMP\u00c1S THE ROYAL ALCAZAR OF SEVILLE WITH A RULER AND COMPASS Manuel Mart\u00ednez Vela\u00a0 ISBN: 978-84-946643-9-7 (espa\u00f1ol)\u00a0 ISBN: 978-84-120668-0-7 (english)\u00a0 PVP 28,00 \u20ac Una nueva obra del autor de \u00abLa Alhambra con regla y comp\u00e1s\u00bb. Contin\u00faa en este libro &hellip; <\/p>\n<p class=\"link-more\"><a href=\"https:\/\/editorialalmizate.com\/index.php\/novedades\/\" class=\"more-link\">Continue reading<span class=\"screen-reader-text\"> &#8220;Novedades&#8221;<\/span><\/a><\/p>\n","protected":false},"author":1,"featured_media":0,"parent":0,"menu_order":0,"comment_status":"closed","ping_status":"closed","template":"","meta":{"footnotes":""},"_links":{"self":[{"href":"https:\/\/editorialalmizate.com\/index.php\/wp-json\/wp\/v2\/pages\/152"}],"collection":[{"href":"https:\/\/editorialalmizate.com\/index.php\/wp-json\/wp\/v2\/pages"}],"about":[{"href":"https:\/\/editorialalmizate.com\/index.php\/wp-json\/wp\/v2\/types\/page"}],"author":[{"embeddable":true,"href":"https:\/\/editorialalmizate.com\/index.php\/wp-json\/wp\/v2\/users\/1"}],"replies":[{"embeddable":true,"href":"https:\/\/editorialalmizate.com\/index.php\/wp-json\/wp\/v2\/comments?post=152"}],"version-history":[{"count":9,"href":"https:\/\/editorialalmizate.com\/index.php\/wp-json\/wp\/v2\/pages\/152\/revisions"}],"predecessor-version":[{"id":182,"href":"https:\/\/editorialalmizate.com\/index.php\/wp-json\/wp\/v2\/pages\/152\/revisions\/182"}],"wp:attachment":[{"href":"https:\/\/editorialalmizate.com\/index.php\/wp-json\/wp\/v2\/media?parent=152"}],"curies":[{"name":"wp","href":"https:\/\/api.w.org\/{rel}","templated":true}]}}